{"id":2,"date":"2016-11-05T19:17:00","date_gmt":"2016-11-05T12:17:00","guid":{"rendered":"https:\/\/www.onlybestoffers.trade\/?page_id=2"},"modified":"2022-12-22T22:23:58","modified_gmt":"2022-12-22T15:23:58","slug":"bitcoinmixer","status":"publish","type":"page","link":"https:\/\/www.onlybestoffers.trade\/es\/bitcoinmixer\/","title":{"rendered":"Mezclador de Bitcoins"},"content":{"rendered":"<p style=\"text-align: justify;\">El servicio de Mezclador de Bitcoins se se encuentra apagado debido a la amplia aceptaci\u00f3n de <a class=\"modal-link\" href=\"https:\/\/en.bitcoin.it\/wiki\/CoinJoin\" data-div=\"bodyContent\">CoinJoin<\/a> y <a class=\"modal-link\" href=\"https:\/\/lightning.network\/\">Lightning<\/a> en la comunidad Bitcoin. Estos servicios proporcionan la mezcla de bitcoins sin la necesidad de un tercero como lo est\u00e1bamos antes, por lo que solo usted que controla sus mezcla de bitcoins. Le instamos a utilizar esos servicios, estos cobran un porcentaje muy bajo o no cobran en absoluto.<\/p>\n<p style=\"text-align: justify;\"><em>Como bitcoin <a class=\"modal-link\" href=\"https:\/\/en.bitcoin.it\/wiki\/Anonymity\">no es an\u00f3nimo<\/a> sin un <a class=\"modal-link\" href=\"https:\/\/en.bitcoin.it\/wiki\/Mixing_service\">servicio de mezcla<\/a> de bitcoin, cualquiera puede ver el flujo de bitcoins de una direcci\u00f3n a otra en la cadena de bloques p\u00fablica. Para romper esta cadena, debe usar un mezclador de bitcoin o tambi\u00e9n llamado lavander\u00eda de bitcoin. Mezclador de Bitcoin es un servicio de mezcla de bitcoin configurado para <a class=\"modal-link\" href=\"https:\/\/en.bitcoin.it\/wiki\/Anonymity#Helping_other_people_stay_anonymous\">ayudar a las personas a permanecer en el anonimato<\/a>.<\/em><\/p>\n<p style=\"text-align: justify;\"><em>Una de las billeteras de Bitcoin con tecnolog\u00eda CoinJoin implementada y peque\u00f1as tarifas (~ 0.15%) es <a class=\"modal-link\" href=\"https:\/\/www.wasabiwallet.io\">Wasabi Wallet<\/a>, intente usar esta billetera para mezclar sus bitcoins y evada el rastreo, haci\u00e9ndolo in\u00fatil para los detectives.<\/em><\/p>\n<p>&nbsp;<\/p>\n<p>&nbsp;<\/p>\n<p>Nuestros Contactos:<\/p>\n<p>Mastodon: <a href=\"https:\/\/obo.sh\/@onlybestoffers\">@onlybestoffers@obo.sh<\/a><\/p>\n<p>Telegram: <a href=\"https:\/\/t.me\/onlybestoffers\">onlybestoffers<\/a><\/p>\n<p>O use nuestro formulario de contacto:<br \/>\n<form method=\"post\" id=\"cntctfrm_contact_form\" class=\"cntctfrm_contact_form cntctfrm_one_column cntctfrm_ltr cntctfrm_width_default\" action=\"\/es\/wp-json\/wp\/v2\/pages\/2#cntctfrm_contact_form\" enctype=\"multipart\/form-data\"><div id=\"cntctfrm_first_column\" class=\"cntctfrm_column\"><div class=\"cntctfrm_field_wrap cntctfrm_field_name_wrap\"namecontact><div class=\"cntctfrm_label cntctfrm_label_name\">\n\t\t\t\t\t\t\t\t\t<label for=\"cntctfrm_contact_name\">Nombre: <span class=\"required\">*<\/span><\/label><\/div><div class=\"cntctfrm_input cntctfrm_input_name\">\n\t\t\t\t\t\t\t\t\t<input namecontact class=\"text\" type=\"text\" size=\"40\" pattern=\"^([\\p{L}\\p{M}]{2,}(\\s)*(\\p{L}+\\p{M}*-*){1,})|([\\p{L}\\p{M}]{3,})\" title=\"Please enter only letters at least 3 characters, words seperated by spaces\" value=\"\" name=\"cntctfrm_contact_name\" id=\"cntctfrm_contact_name\" \/><\/div><\/div><div class=\"cntctfrm_field_wrap cntctfrm_field_email_wrap\"email><div class=\"cntctfrm_label cntctfrm_label_email\">\n\t\t\t\t\t\t\t\t\t<label for=\"cntctfrm_contact_email\">E-mail: <span class=\"required\">*<\/span><\/label>\n\t\t\t\t\t\t\t\t<\/div><div class=\"cntctfrm_input cntctfrm_input_email\">\n\t\t\t\t\t\t\t\t\t<input email class=\"text\" type=\"email\" size=\"40\" value=\"\" name=\"cntctfrm_contact_email\" id=\"cntctfrm_contact_email\" \/><\/div><\/div><div class=\"cntctfrm_field_wrap cntctfrm_field_subject_wrap\"subject><div class=\"cntctfrm_label cntctfrm_label_subject\">\n\t\t\t\t\t\t\t\t\t<label for=\"cntctfrm_contact_subject\">Asunto: <span class=\"required\">*<\/span><\/label>\n\t\t\t\t\t\t\t\t<\/div><div class=\"cntctfrm_input cntctfrm_input_subject\">\n\t\t\t\t\t\t\t\t<input subject pattern=\"^([\\p{M}\\p{L}]{1,}(\\s\\p{M}*\\p{L}+-*)*){3,}\" title=\"Please enter only letters at least 3 characters, words seperated by spaces\" class=\"text\" type=\"text\" size=\"40\" value=\"\" name=\"cntctfrm_contact_subject\" id=\"cntctfrm_contact_subject\" \/><\/div><\/div><div class=\"cntctfrm_field_wrap cntctfrm_field_message_wrap\"message><div class=\"cntctfrm_label cntctfrm_label_message\">\n\t\t\t\t\t\t\t\t<label for=\"cntctfrm_contact_message\">Mensaje: <span class=\"required\">*<\/span><\/label>\n\t\t\t\t\t\t\t<\/div><div class=\"cntctfrm_input cntctfrm_input_message\">\n\t\t\t\t\t\t\t\t<textarea message rows=\"5\" cols=\"30\"name=\"cntctfrm_contact_message\" id=\"cntctfrm_contact_message\"><\/textarea><\/div><\/div><div class=\"cntctfrm_field_wrap cntctfrm_field_captcha_wrap\"><div class=\"cntctfrm_label cntctfrm_label_captcha\">\n\t\t\t\t\t\t\t\t\t\t\t<label><\/label>\n\t\t\t\t\t\t\t\t\t\t<\/div><div class=\"cntctfrm_input cntctfrm_input_captcha\"><span id=\"cptch_time_limit_notice_15\" class=\"cptch_time_limit_notice cptch_to_remove\">Time limit is exhausted. Please reload the CAPTCHA.<\/span><span class=\"cptch_wrap cptch_math_actions\">\n\t\t\t\t<label class=\"cptch_label\" for=\"cptch_input_15\"><span class=\"cptch_span\">ocho<\/span>\n\t\t\t\t<span class=\"cptch_span\">&nbsp;&minus;&nbsp;<\/span>\n\t\t\t\t<span class=\"cptch_span\"><input id=\"cptch_input_15\" class=\"cptch_input \" type=\"text\" autocomplete=\"off\" name=\"cptch_number\" value=\"\" maxlength=\"2\" size=\"2\" aria-required=\"true\" required=\"required\" style=\"margin-bottom:0;display:inline;font-size: 12px;width: 40px;\" \/><\/span>\n\t\t\t\t<span class=\"cptch_span\">&nbsp;=&nbsp;<\/span>\n\t\t\t\t<span class=\"cptch_span\">tres<\/span><input type=\"hidden\" name=\"cptch_form\" value=\"bws_contact\" \/>\n\t\t\t\t<\/label><span class=\"cptch_reload_button_wrap hide-if-no-js\">\n\t\t\t\t\t<noscript>\n\t\t\t\t\t\t<style type=\"text\/css\">\n\t\t\t\t\t\t\t.hide-if-no-js {\n\t\t\t\t\t\t\t\tdisplay: none !important;\n\t\t\t\t\t\t\t}\n\t\t\t\t\t\t<\/style>\n\t\t\t\t\t<\/noscript>\n\t\t\t\t\t<span class=\"cptch_reload_button dashicons dashicons-update\"><\/span>\n\t\t\t\t<\/span><\/span><\/div><\/div><\/div><div class=\"clear\"><\/div><div class=\"cntctfrm_submit_wrap\"><div id=\"cntctfrm_submit_first_column\" class=\"cntctfrm_column\"><div class=\"cntctfrm_input cntctfrm_input_submit\"><input type=\"hidden\" value=\"send\" name=\"cntctfrm_contact_action\">\n\t\t\t\t\t\t\t<input type=\"hidden\" value=\"es\" name=\"cntctfrm_language\">\n\t\t\t\t\t\t\t<input type=\"hidden\" value=\"1\" name=\"cntctfrm_form_submited\">\n\t\t\t\t\t\t\t<input type=\"hidden\" value=\"cntctfrm_options\" name=\"cntctfrm_options_name\">\n\t\t\t\t\t\t\t<input type=\"submit\" value=\"Enviar\" class=\"cntctfrm_contact_submit\" \/>\n\t\t\t\t\t\t<\/div><\/div><div id=\"cntctfrm_submit_second_column\" class=\"cntctfrm_column\"><\/div><div class=\"clear\"><\/div>\n\t\t\t<\/div>\n\t\t\t<\/form><\/p>\n","protected":false},"excerpt":{"rendered":"<p>El servicio de Mezclador de Bitcoins se se encuentra apagado debido a la amplia aceptaci\u00f3n de CoinJoin y Lightning en la comunidad Bitcoin. Estos servicios proporcionan la mezcla de bitcoins sin la necesidad de un tercero como lo est\u00e1bamos antes, por lo que solo usted que controla sus mezcla de bitcoins. Le instamos a utilizar&#8230;<\/p>\n","protected":false},"author":1,"featured_media":0,"parent":0,"menu_order":3,"comment_status":"closed","ping_status":"closed","template":"","meta":[],"_links":{"self":[{"href":"https:\/\/www.onlybestoffers.trade\/es\/wp-json\/wp\/v2\/pages\/2"}],"collection":[{"href":"https:\/\/www.onlybestoffers.trade\/es\/wp-json\/wp\/v2\/pages"}],"about":[{"href":"https:\/\/www.onlybestoffers.trade\/es\/wp-json\/wp\/v2\/types\/page"}],"author":[{"embeddable":true,"href":"https:\/\/www.onlybestoffers.trade\/es\/wp-json\/wp\/v2\/users\/1"}],"replies":[{"embeddable":true,"href":"https:\/\/www.onlybestoffers.trade\/es\/wp-json\/wp\/v2\/comments?post=2"}],"version-history":[{"count":21,"href":"https:\/\/www.onlybestoffers.trade\/es\/wp-json\/wp\/v2\/pages\/2\/revisions"}],"predecessor-version":[{"id":48415,"href":"https:\/\/www.onlybestoffers.trade\/es\/wp-json\/wp\/v2\/pages\/2\/revisions\/48415"}],"wp:attachment":[{"href":"https:\/\/www.onlybestoffers.trade\/es\/wp-json\/wp\/v2\/media?parent=2"}],"curies":[{"name":"wp","href":"https:\/\/api.w.org\/{rel}","templated":true}]}}