{"id":46,"date":"2016-11-01T13:32:30","date_gmt":"2016-11-01T06:32:30","guid":{"rendered":"http:\/\/www.onlybestoffers.trade\/?page_id=46"},"modified":"2021-08-26T23:05:24","modified_gmt":"2021-08-26T16:05:24","slug":"tokens","status":"publish","type":"page","link":"https:\/\/www.onlybestoffers.trade\/es\/tokens\/","title":{"rendered":"Fichas"},"content":{"rendered":"<p style=\"text-align: justify;\">Nos complace presentar los tokens <strong>Bestoffer<\/strong><\/p>\n<p style=\"text-align: justify;\">Cada token le permitir\u00e1 acceder a un porcentaje de 1% de descuento en cualquiera de nuestras ofertas activas<\/p>\n<p style=\"text-align: justify;\">Para obtener estos tokens, instale la aplicaci\u00f3n Takara (disponible para Iphone y Android) y vaya o conduzca a los lugares donde colocamos tokens <strong>Bestoffer<\/strong> en el map.<\/p>\n<p>Una ficha ofrece un descuento por operaci\u00f3n. Las fichas no son acumulables en una operaci\u00f3n.<\/p>\n<p style=\"text-align: justify;\">Si tiene este token en su billetera, escr\u00edbanos al respecto en el chat comercial y estaremos encantados de ofrecerle descuentos y proporcionarle nuestra direcci\u00f3n de bitcoin donde puede transferir este token.<\/p>\n<p>&nbsp;<\/p>\n<p style=\"text-align: justify;\">Si no puede encontrar los tokens <strong>Bestoffer<\/strong> en su \u00e1rea, escr\u00edbanos y mant\u00e9ngase en sinton\u00eda para poder  hacer posible que la lluvia de tokens <strong>Bestoffer<\/strong> en su zona.<\/p>\n","protected":false},"excerpt":{"rendered":"<p>Nos complace presentar los tokens Bestoffer Cada token le permitir\u00e1 acceder a un porcentaje de 1% de descuento en cualquiera de nuestras ofertas activas Para obtener estos tokens, instale la aplicaci\u00f3n Takara (disponible para Iphone y Android) y vaya o conduzca a los lugares donde colocamos tokens Bestoffer en el map. Una ficha ofrece un&#8230;<\/p>\n","protected":false},"author":1,"featured_media":0,"parent":0,"menu_order":6,"comment_status":"closed","ping_status":"closed","template":"","meta":[],"_links":{"self":[{"href":"https:\/\/www.onlybestoffers.trade\/es\/wp-json\/wp\/v2\/pages\/46"}],"collection":[{"href":"https:\/\/www.onlybestoffers.trade\/es\/wp-json\/wp\/v2\/pages"}],"about":[{"href":"https:\/\/www.onlybestoffers.trade\/es\/wp-json\/wp\/v2\/types\/page"}],"author":[{"embeddable":true,"href":"https:\/\/www.onlybestoffers.trade\/es\/wp-json\/wp\/v2\/users\/1"}],"replies":[{"embeddable":true,"href":"https:\/\/www.onlybestoffers.trade\/es\/wp-json\/wp\/v2\/comments?post=46"}],"version-history":[{"count":10,"href":"https:\/\/www.onlybestoffers.trade\/es\/wp-json\/wp\/v2\/pages\/46\/revisions"}],"predecessor-version":[{"id":71,"href":"https:\/\/www.onlybestoffers.trade\/es\/wp-json\/wp\/v2\/pages\/46\/revisions\/71"}],"wp:attachment":[{"href":"https:\/\/www.onlybestoffers.trade\/es\/wp-json\/wp\/v2\/media?parent=46"}],"curies":[{"name":"wp","href":"https:\/\/api.w.org\/{rel}","templated":true}]}}