{"id":46500,"date":"2015-08-13T16:06:17","date_gmt":"2015-08-13T09:06:17","guid":{"rendered":"http:\/\/www.onlybestoffers.trade\/?page_id=46500"},"modified":"2021-08-26T22:30:33","modified_gmt":"2021-08-26T15:30:33","slug":"sell-bitcoins-buy-bitcoins","status":"publish","type":"page","link":"https:\/\/www.onlybestoffers.trade\/es\/sell-bitcoins-buy-bitcoins\/","title":{"rendered":"Vender bitcoins \/ Comprar bitcoins"},"content":{"rendered":"<p style=\"text-align: justify;\">Ofrecemos el servicio de cambio el cual no depende de Localbitcoins u otras plataformas. Ninguno de sus datos se comparten ni ser\u00e1n compartidos con ninguna agencia estatal o fiscal a diferencia de otras plataformas actuales como Localbitcoins. Tampoco lo sometemos a trav\u00e9s de registros lun\u00e1ticos utilizando el captcha esp\u00eda de Google o el proceso de inicio de sesi\u00f3n esp\u00eda de Facebook. \u00a1Solo solicite una oferta an\u00f3nimamente en su moneda y disfrute del intercambio! \u00a1F\u00e1cil! Todos los bitcoins intercambiados se transferir\u00e1n directamente a su billetera o cualquier otra direcci\u00f3n de bitcoin que escriba en el chat comercial. No retenemos sus bitcoins aqu\u00ed y no tenemos planes de mantenerlos en el futuro.<\/p>\n<p>[cur-announc lang=ES]<\/p>\n","protected":false},"excerpt":{"rendered":"<p>Ofrecemos el servicio de cambio el cual no depende de Localbitcoins u otras plataformas. Ninguno de sus datos se comparten ni ser\u00e1n compartidos con ninguna agencia estatal o fiscal a diferencia de otras plataformas actuales como Localbitcoins. Tampoco lo sometemos a trav\u00e9s de registros lun\u00e1ticos utilizando el captcha esp\u00eda de Google o el proceso de&#8230;<\/p>\n","protected":false},"author":1,"featured_media":0,"parent":0,"menu_order":1,"comment_status":"closed","ping_status":"closed","template":"","meta":[],"_links":{"self":[{"href":"https:\/\/www.onlybestoffers.trade\/es\/wp-json\/wp\/v2\/pages\/46500"}],"collection":[{"href":"https:\/\/www.onlybestoffers.trade\/es\/wp-json\/wp\/v2\/pages"}],"about":[{"href":"https:\/\/www.onlybestoffers.trade\/es\/wp-json\/wp\/v2\/types\/page"}],"author":[{"embeddable":true,"href":"https:\/\/www.onlybestoffers.trade\/es\/wp-json\/wp\/v2\/users\/1"}],"replies":[{"embeddable":true,"href":"https:\/\/www.onlybestoffers.trade\/es\/wp-json\/wp\/v2\/comments?post=46500"}],"version-history":[{"count":10,"href":"https:\/\/www.onlybestoffers.trade\/es\/wp-json\/wp\/v2\/pages\/46500\/revisions"}],"predecessor-version":[{"id":46683,"href":"https:\/\/www.onlybestoffers.trade\/es\/wp-json\/wp\/v2\/pages\/46500\/revisions\/46683"}],"wp:attachment":[{"href":"https:\/\/www.onlybestoffers.trade\/es\/wp-json\/wp\/v2\/media?parent=46500"}],"curies":[{"name":"wp","href":"https:\/\/api.w.org\/{rel}","templated":true}]}}