{"id":56,"date":"2016-11-06T01:34:22","date_gmt":"2016-11-05T18:34:22","guid":{"rendered":"http:\/\/www.onlybestoffers.trade\/?page_id=56"},"modified":"2022-12-22T22:25:44","modified_gmt":"2022-12-22T15:25:44","slug":"geobitcoins-service","status":"publish","type":"page","link":"https:\/\/www.onlybestoffers.trade\/es\/geobitcoins-service\/","title":{"rendered":"Servicio de geobitcoins"},"content":{"rendered":"<p style=\"text-align: justify;\"><strong>Nos complace presentar un servicio \u00fanico para nuestros clientes: \u00a1Geobitcoins!<\/strong><\/p>\n<p style=\"text-align: justify;\">\u00bfAlguna vez has pensado en tener una reserva pero no reserva en efectivo, sino un alijo f\u00edsico de bitcoin? \u00a1Ahora es posible! Puede crear su alijo en cualquier parte del mundo para cualquier cantidad en bitcoins y recogerlo solo sabiendo palabras o frases secretas o respondiendo a una pregunta.<\/p>\n<p>&nbsp;<\/p>\n<p style=\"text-align: justify;\"><strong>Varias aplicaciones:<\/strong><\/p>\n<p style=\"text-align: justify;\">Equivalente a cajas de dep\u00f3sito bancarias para bitcoins<\/p>\n<p style=\"text-align: justify;\">Ayuda a tus amigos o familiares en cualquier pa\u00eds o lugar donde se encuentren en este momento solo d\u00e1ndoles ubicaci\u00f3n y contrase\u00f1a para que los recojan<\/p>\n<p style=\"text-align: justify;\">Drogas y cualquier comercio ilegal donde los pagos y la obtenci\u00f3n de cosas deben separarse en diferentes lugares<\/p>\n<p style=\"text-align: justify;\">Juego de estilo aventura como Fort Boyard escalables a todo el mundo<\/p>\n<p>Y muchos otros m\u00e1s<\/p>\n<p style=\"text-align: justify;\"><strong>Para recoger bitcoins solo se necesita un tel\u00e9fono con la aplicaci\u00f3n Takara instalada. Todo lo que necesitamos de usted es un geopunto para soltar sus bitcoins en este punto.<\/strong><\/p>\n<p style=\"text-align: justify;\">Recibir geopunto es f\u00e1cil desde el navegador de Internet:<\/p>\n<p>Escriba https:\/\/maps.google.com<\/p>\n<p style=\"text-align: justify;\">Encuentre la ubicaci\u00f3n donde desea ver sus bitcoins, ampl\u00edelo, haga clic en este lugar y copie los n\u00fameros resaltados como en la captura de pantalla a continuaci\u00f3n<\/p>\n<p><img decoding=\"async\" loading=\"lazy\" class=\"alignnone size-medium\" src=\"https:\/\/onlybestoffers.trade\/wp-content\/uploads\/2017\/02\/screenshot1.jpg\" width=\"830\" height=\"554\" \/><\/p>\n<p>&nbsp;<\/p>\n<p>&nbsp;<\/p>\n<p style=\"text-align: justify;\"><strong>Utilice los siguientes contactos para enviar su geopunto con palabra secreta o pregunta y respuesta:<\/strong><\/p>\n<p>Mastodon: <a href=\"https:\/\/obo.sh\/@onlybestoffers\">@onlybestoffers@obo.sh<\/a><\/p>\n<p>Telegram: <a href=\"https:\/\/t.me\/onlybestoffers\">onlybestoffers<\/a><\/p>\n<p>O use nuestro formulario de contacto:<br \/>\n<form method=\"post\" id=\"cntctfrm_contact_form\" class=\"cntctfrm_contact_form cntctfrm_one_column cntctfrm_ltr cntctfrm_width_default\" action=\"\/es\/wp-json\/wp\/v2\/pages\/56#cntctfrm_contact_form\" enctype=\"multipart\/form-data\"><div id=\"cntctfrm_first_column\" class=\"cntctfrm_column\"><div class=\"cntctfrm_field_wrap cntctfrm_field_name_wrap\"namecontact><div class=\"cntctfrm_label cntctfrm_label_name\">\n\t\t\t\t\t\t\t\t\t<label for=\"cntctfrm_contact_name\">Nombre: <span class=\"required\">*<\/span><\/label><\/div><div class=\"cntctfrm_input cntctfrm_input_name\">\n\t\t\t\t\t\t\t\t\t<input namecontact class=\"text\" type=\"text\" size=\"40\" pattern=\"^([\\p{L}\\p{M}]{2,}(\\s)*(\\p{L}+\\p{M}*-*){1,})|([\\p{L}\\p{M}]{3,})\" title=\"Please enter only letters at least 3 characters, words seperated by spaces\" value=\"\" name=\"cntctfrm_contact_name\" id=\"cntctfrm_contact_name\" \/><\/div><\/div><div class=\"cntctfrm_field_wrap cntctfrm_field_email_wrap\"email><div class=\"cntctfrm_label cntctfrm_label_email\">\n\t\t\t\t\t\t\t\t\t<label for=\"cntctfrm_contact_email\">E-mail: <span class=\"required\">*<\/span><\/label>\n\t\t\t\t\t\t\t\t<\/div><div class=\"cntctfrm_input cntctfrm_input_email\">\n\t\t\t\t\t\t\t\t\t<input email class=\"text\" type=\"email\" size=\"40\" value=\"\" name=\"cntctfrm_contact_email\" id=\"cntctfrm_contact_email\" \/><\/div><\/div><div class=\"cntctfrm_field_wrap cntctfrm_field_subject_wrap\"subject><div class=\"cntctfrm_label cntctfrm_label_subject\">\n\t\t\t\t\t\t\t\t\t<label for=\"cntctfrm_contact_subject\">Asunto: <span class=\"required\">*<\/span><\/label>\n\t\t\t\t\t\t\t\t<\/div><div class=\"cntctfrm_input cntctfrm_input_subject\">\n\t\t\t\t\t\t\t\t<input subject pattern=\"^([\\p{M}\\p{L}]{1,}(\\s\\p{M}*\\p{L}+-*)*){3,}\" title=\"Please enter only letters at least 3 characters, words seperated by spaces\" class=\"text\" type=\"text\" size=\"40\" value=\"\" name=\"cntctfrm_contact_subject\" id=\"cntctfrm_contact_subject\" \/><\/div><\/div><div class=\"cntctfrm_field_wrap cntctfrm_field_message_wrap\"message><div class=\"cntctfrm_label cntctfrm_label_message\">\n\t\t\t\t\t\t\t\t<label for=\"cntctfrm_contact_message\">Mensaje: <span class=\"required\">*<\/span><\/label>\n\t\t\t\t\t\t\t<\/div><div class=\"cntctfrm_input cntctfrm_input_message\">\n\t\t\t\t\t\t\t\t<textarea message rows=\"5\" cols=\"30\"name=\"cntctfrm_contact_message\" id=\"cntctfrm_contact_message\"><\/textarea><\/div><\/div><div class=\"cntctfrm_field_wrap cntctfrm_field_captcha_wrap\"><div class=\"cntctfrm_label cntctfrm_label_captcha\">\n\t\t\t\t\t\t\t\t\t\t\t<label><\/label>\n\t\t\t\t\t\t\t\t\t\t<\/div><div class=\"cntctfrm_input cntctfrm_input_captcha\"><span id=\"cptch_time_limit_notice_9\" class=\"cptch_time_limit_notice cptch_to_remove\">Time limit is exhausted. Please reload the CAPTCHA.<\/span><span class=\"cptch_wrap cptch_math_actions\">\n\t\t\t\t<label class=\"cptch_label\" for=\"cptch_input_9\"><span class=\"cptch_span\">7<\/span>\n\t\t\t\t<span class=\"cptch_span\">&nbsp;&minus;&nbsp;<\/span>\n\t\t\t\t<span class=\"cptch_span\"><input id=\"cptch_input_9\" class=\"cptch_input \" type=\"text\" autocomplete=\"off\" name=\"cptch_number\" value=\"\" maxlength=\"2\" size=\"2\" aria-required=\"true\" required=\"required\" style=\"margin-bottom:0;display:inline;font-size: 12px;width: 40px;\" \/><\/span>\n\t\t\t\t<span class=\"cptch_span\">&nbsp;=&nbsp;<\/span>\n\t\t\t\t<span class=\"cptch_span\">dos<\/span><input type=\"hidden\" name=\"cptch_form\" value=\"bws_contact\" \/>\n\t\t\t\t<\/label><span class=\"cptch_reload_button_wrap hide-if-no-js\">\n\t\t\t\t\t<noscript>\n\t\t\t\t\t\t<style type=\"text\/css\">\n\t\t\t\t\t\t\t.hide-if-no-js {\n\t\t\t\t\t\t\t\tdisplay: none !important;\n\t\t\t\t\t\t\t}\n\t\t\t\t\t\t<\/style>\n\t\t\t\t\t<\/noscript>\n\t\t\t\t\t<span class=\"cptch_reload_button dashicons dashicons-update\"><\/span>\n\t\t\t\t<\/span><\/span><\/div><\/div><\/div><div class=\"clear\"><\/div><div class=\"cntctfrm_submit_wrap\"><div id=\"cntctfrm_submit_first_column\" class=\"cntctfrm_column\"><div class=\"cntctfrm_input cntctfrm_input_submit\"><input type=\"hidden\" value=\"send\" name=\"cntctfrm_contact_action\">\n\t\t\t\t\t\t\t<input type=\"hidden\" value=\"es\" name=\"cntctfrm_language\">\n\t\t\t\t\t\t\t<input type=\"hidden\" value=\"1\" name=\"cntctfrm_form_submited\">\n\t\t\t\t\t\t\t<input type=\"hidden\" value=\"cntctfrm_options\" name=\"cntctfrm_options_name\">\n\t\t\t\t\t\t\t<input type=\"submit\" value=\"Enviar\" class=\"cntctfrm_contact_submit\" \/>\n\t\t\t\t\t\t<\/div><\/div><div id=\"cntctfrm_submit_second_column\" class=\"cntctfrm_column\"><\/div><div class=\"clear\"><\/div>\n\t\t\t<\/div>\n\t\t\t<\/form><\/p>\n","protected":false},"excerpt":{"rendered":"<p>Nos complace presentar un servicio \u00fanico para nuestros clientes: \u00a1Geobitcoins! \u00bfAlguna vez has pensado en tener una reserva pero no reserva en efectivo, sino un alijo f\u00edsico de bitcoin? \u00a1Ahora es posible! Puede crear su alijo en cualquier parte del mundo para cualquier cantidad en bitcoins y recogerlo solo sabiendo palabras o frases secretas o&#8230;<\/p>\n","protected":false},"author":1,"featured_media":0,"parent":0,"menu_order":4,"comment_status":"closed","ping_status":"closed","template":"","meta":[],"_links":{"self":[{"href":"https:\/\/www.onlybestoffers.trade\/es\/wp-json\/wp\/v2\/pages\/56"}],"collection":[{"href":"https:\/\/www.onlybestoffers.trade\/es\/wp-json\/wp\/v2\/pages"}],"about":[{"href":"https:\/\/www.onlybestoffers.trade\/es\/wp-json\/wp\/v2\/types\/page"}],"author":[{"embeddable":true,"href":"https:\/\/www.onlybestoffers.trade\/es\/wp-json\/wp\/v2\/users\/1"}],"replies":[{"embeddable":true,"href":"https:\/\/www.onlybestoffers.trade\/es\/wp-json\/wp\/v2\/comments?post=56"}],"version-history":[{"count":21,"href":"https:\/\/www.onlybestoffers.trade\/es\/wp-json\/wp\/v2\/pages\/56\/revisions"}],"predecessor-version":[{"id":48416,"href":"https:\/\/www.onlybestoffers.trade\/es\/wp-json\/wp\/v2\/pages\/56\/revisions\/48416"}],"wp:attachment":[{"href":"https:\/\/www.onlybestoffers.trade\/es\/wp-json\/wp\/v2\/media?parent=56"}],"curies":[{"name":"wp","href":"https:\/\/api.w.org\/{rel}","templated":true}]}}