{"id":12,"date":"2016-11-06T04:13:35","date_gmt":"2016-11-06T04:13:35","guid":{"rendered":"https:\/\/www.onlybestoffers.trade\/?page_id=12"},"modified":"2022-05-26T17:20:26","modified_gmt":"2022-05-26T10:20:26","slug":"buysellbitcoins","status":"publish","type":"page","link":"https:\/\/www.onlybestoffers.trade\/fr\/","title":{"rendered":""},"content":{"rendered":"<p style=\"text-align: justify;\"><strong>1.<\/strong> Notre service d\u2019origine a \u00e9t\u00e9 d\u00e9marr\u00e9 sur Localbitcoins o\u00f9 vous pouvez acheter ou vendre vos bitcoins chez nous en utilisant leur plate-forme fiable et s\u00fbre. Nous avons offert sous le nom d\u2019utilisateur Onlybestoffers il service d\u2019\u00e9change tr\u00e8s rapide qui prend g\u00e9n\u00e9ralement 1-5 minutes en cas de m\u00eame virement bancaire, d\u00e9p\u00f4t en esp\u00e8ces par smartATM et succursale bancaire ou retrait d\u2019esp\u00e8ces sans carte. Nos frais sont abordables et ind\u00e9pendants de la fluctuation des prix du bitcoin.<br \/>\nNotre service accepte actuellement les transferts des banques australiennes en dollars australiens, les transferts des banques indon\u00e9siennes en roupie indon\u00e9sienne, les transferts des banques n\u00e9o-z\u00e9landaises en dollars n\u00e9o-z\u00e9landais, les transferts des banques de Tha\u00eflande en baht tha\u00eflandais, les transferts des banques mexicaines en pesos mexicains, les transferts des banques russes en roubles, les virements des banques chinoises en yuans chinois, les transferts des banques malaisiennes en ringgits malaisiens, les transferts des banques cambodgiennes en dollars am\u00e9ricains et riels cambodgiens et les transferts des banques europ\u00e9ennes en euros.<\/p>\n<p style=\"text-align: justify;\"><strong>2. <\/strong>Nous offrons le <a href=\"https:\/\/www.onlybestoffers.trade\/fr\/sell-bitcoins-buy-bitcoins\/\" target=\"_blank\" rel=\"noopener noreferrer\">service d\u2019\u00e9change<\/a> qui n\u2019est pas fiable sur Localbitcoins ou d\u2019autres plates-formes. Toutes vos donn\u00e9es ne sont pas partag\u00e9es et ne seront partag\u00e9es avec aucun \u00e9tat ou organisme fiscal comme le font les plateformes actuelles comme le font les plateformes actuelles comme Localbitcoins.<\/p>\n<p style=\"text-align: justify;\"><strong>3. <\/strong>Vous b\u00e9n\u00e9ficiez d\u2019un avantage dans le commerce international en utilisant nos services pour entrer dans les \u00e8re post-bancaire et sans \u00c9tat:<\/p>\n<p style=\"text-align: justify;\"><strong><em> a) <\/em><\/strong>Payer vos billets en devises nationales sans virement bancaire international, contrat international, exigences impr\u00e9visibles et difficiles de la banque en cas de virement bancaire international.<\/p>\n<p style=\"text-align: justify;\"><strong><em>\u00a0\u00a0 b) <\/em><\/strong>Couvrir vos risques de volatilit\u00e9 des prix du bitcoin au moment de la signature d\u2019un contrat commercial international o\u00f9 les paiements ont choisi en bitcoins mais en monnaie du contrat de commerce international indiqu\u00e9e en AUD, RUB, MXN, USD.<br \/>\nLes frais de service sont de 5%.<\/p>\n<p style=\"text-align: justify;\"><strong><em>\u00a0\u00a0 c) <\/em><\/strong>Pour vous et votre contrepartie, nous, en tant que tiers de confiance, offrons des paiements complets ou fractionn\u00e9s pour les conditions de base de la livraison physique telles que FOB, CIF, EXW, etc. ou pour tout service ou produit virtuel.<br \/>\nLes frais de service sont de 1%. Si le m\u00e9diateur doit \u00eatre impliqu\u00e9 , les frais sont de 3%.<\/p>\n<p style=\"text-align: justify;\"><strong>4. <\/strong>Nous acceptons les paiements pour toute soci\u00e9t\u00e9 ou personne en vertu des sanctions am\u00e9ricaines actuelles ou de tout autre \u00c9tat ou de ces soci\u00e9t\u00e9s ou personnes. Tous vos paiements passeront par l\u2019\u00e9tape du m\u00e9langeur bitcoin et seront transf\u00e9r\u00e9s en bitcoins ou fiat dans votre choix<\/p>\n<p style=\"text-align: justify;\"><strong>5.<\/strong> Conseil sur le stockage s\u00e9curis\u00e9 des bitcoins et la pr\u00e9vention du risque de saisies de bitcoins lors de votre mouvement physique \u00e0 travers les fronti\u00e8res des \u00c9tats des pays.<\/p>\n<p><strong>6.<\/strong> Pour un meilleur anonymat, nos clients d\u00e9tenteurs de bitcoins, nous mettons en place <a href=\"https:\/\/www.onlybestoffers.trade\/fr\/bitcoinmixer\/\" target=\"_blank\" rel=\"noopener noreferrer\">bitcoin mixer<\/a>.<\/p>\n <div id='icegram_shortcode_0'  data-campaigns=\"46388\"  class='ig_shortcode_container' ><\/div> \n","protected":false},"excerpt":{"rendered":"<p>1. Notre service d\u2019origine a \u00e9t\u00e9 d\u00e9marr\u00e9 sur Localbitcoins o\u00f9 vous pouvez acheter ou vendre vos bitcoins chez nous en utilisant leur plate-forme fiable et s\u00fbre. Nous avons offert sous le nom d\u2019utilisateur Onlybestoffers il service d\u2019\u00e9change tr\u00e8s rapide qui prend g\u00e9n\u00e9ralement 1-5 minutes en cas de m\u00eame virement bancaire, d\u00e9p\u00f4t en esp\u00e8ces par smartATM&#8230;<\/p>\n","protected":false},"author":1,"featured_media":0,"parent":0,"menu_order":0,"comment_status":"closed","ping_status":"closed","template":"","meta":[],"_links":{"self":[{"href":"https:\/\/www.onlybestoffers.trade\/fr\/wp-json\/wp\/v2\/pages\/12"}],"collection":[{"href":"https:\/\/www.onlybestoffers.trade\/fr\/wp-json\/wp\/v2\/pages"}],"about":[{"href":"https:\/\/www.onlybestoffers.trade\/fr\/wp-json\/wp\/v2\/types\/page"}],"author":[{"embeddable":true,"href":"https:\/\/www.onlybestoffers.trade\/fr\/wp-json\/wp\/v2\/users\/1"}],"replies":[{"embeddable":true,"href":"https:\/\/www.onlybestoffers.trade\/fr\/wp-json\/wp\/v2\/comments?post=12"}],"version-history":[{"count":21,"href":"https:\/\/www.onlybestoffers.trade\/fr\/wp-json\/wp\/v2\/pages\/12\/revisions"}],"predecessor-version":[{"id":48266,"href":"https:\/\/www.onlybestoffers.trade\/fr\/wp-json\/wp\/v2\/pages\/12\/revisions\/48266"}],"wp:attachment":[{"href":"https:\/\/www.onlybestoffers.trade\/fr\/wp-json\/wp\/v2\/media?parent=12"}],"curies":[{"name":"wp","href":"https:\/\/api.w.org\/{rel}","templated":true}]}}