{"id":2,"date":"2016-11-05T19:17:00","date_gmt":"2016-11-05T12:17:00","guid":{"rendered":"https:\/\/www.onlybestoffers.trade\/?page_id=2"},"modified":"2022-12-22T22:23:58","modified_gmt":"2022-12-22T15:23:58","slug":"bitcoinmixer","status":"publish","type":"page","link":"https:\/\/www.onlybestoffers.trade\/fr\/bitcoinmixer\/","title":{"rendered":"Mixer Bitcoin"},"content":{"rendered":"<p style=\"text-align: justify;\">Le service Bitcoin Mixer est maintenant ferm\u00e9 dans la raison pour laquelle <a class=\"modal-link\" href=\"https:\/\/en.bitcoin.it\/wiki\/CoinJoin\" data-div=\"bodyContent\">CoinJoin<\/a> et <a class=\"modal-link\" href=\"https:\/\/lightning.network\/\">Lightning<\/a> sont largement accept\u00e9s dans la communaut\u00e9 Bitcoin. Ces services fournissent un m\u00e9lange de bitcoins sans avoir besoin de tiers comme nous l\u2019\u00e9tions auparavant, donc seulement vous qui contr\u00f4lez votre m\u00e9lange de bitcoins. S\u2019il vous pla\u00eet utiliser ces services, ils ont \u00e9galement pas de frais ou tr\u00e8s faibles.<\/p>\n<p style=\"text-align: justify;\"><em>Comme bitcoin n\u2019est <a class=\"modal-link\" href=\"https:\/\/en.bitcoin.it\/wiki\/Anonymity\">pas anonyme<\/a> sans un <a class=\"modal-link\" href=\"https:\/\/en.bitcoin.it\/wiki\/Mixing_service\">service de m\u00e9lange<\/a>bitcoin, n\u2019importe qui peut voir le flux de bitcoins d\u2019adresse en adresse sur la cha\u00eene de blocs publics. Pour briser cette cha\u00eene, vous devez utiliser un m\u00e9langeur bitcoin ou \u00e9galement appel\u00e9 une blanchisserie bitcoin. Bitcoin Mixer est un service de m\u00e9lange bitcoin mis en place pour <a class=\"modal-link\" href=\"https:\/\/en.bitcoin.it\/wiki\/Anonymity#Helping_other_people_stay_anonymous\">aider les gens \u00e0 rester anonymes<\/a>.<\/em><\/p>\n<p style=\"text-align: justify;\"><em>L\u2019un des portefeuilles Bitcoin avec la technologie CoinJoin mise en \u0153uvre et de petits frais (~ 0.15%) est <a class=\"modal-link\" href=\"https:\/\/www.wasabiwallet.io\">Wasabi Wallet<\/a>, essayez d\u2019utiliser ce portefeuille pour m\u00e9langer vos bitcoins et rendre le tra\u00e7age inutile pour les yeux des sleuths.<\/em><\/p>\n<p>&nbsp;<\/p>\n<p>&nbsp;<\/p>\n<p>Nos contacts:<\/p>\n<p>Mastodon: <a href=\"https:\/\/obo.sh\/@onlybestoffers\">@onlybestoffers@obo.sh<\/a><\/p>\n<p>Telegram: <a href=\"https:\/\/t.me\/onlybestoffers\">onlybestoffers<\/a><\/p>\n<p>Ou utilisez notre formulaire de contact:<br \/>\n<form method=\"post\" id=\"cntctfrm_contact_form\" class=\"cntctfrm_contact_form cntctfrm_one_column cntctfrm_ltr cntctfrm_width_default\" action=\"\/fr\/wp-json\/wp\/v2\/pages\/2#cntctfrm_contact_form\" enctype=\"multipart\/form-data\"><div id=\"cntctfrm_first_column\" class=\"cntctfrm_column\"><div class=\"cntctfrm_field_wrap cntctfrm_field_name_wrap\"namecontact><div class=\"cntctfrm_label cntctfrm_label_name\">\n\t\t\t\t\t\t\t\t\t<label for=\"cntctfrm_contact_name\">nom: <span class=\"required\">*<\/span><\/label><\/div><div class=\"cntctfrm_input cntctfrm_input_name\">\n\t\t\t\t\t\t\t\t\t<input namecontact class=\"text\" type=\"text\" size=\"40\" pattern=\"^([\\p{L}\\p{M}]{2,}(\\s)*(\\p{L}+\\p{M}*-*){1,})|([\\p{L}\\p{M}]{3,})\" title=\"Veuillez saisir uniquement des lettres d'au moins 3 caract\u00e8res, les mots \u00e9tant s\u00e9par\u00e9s par des espaces\" value=\"\" name=\"cntctfrm_contact_name\" id=\"cntctfrm_contact_name\" \/><\/div><\/div><div class=\"cntctfrm_field_wrap cntctfrm_field_email_wrap\"email><div class=\"cntctfrm_label cntctfrm_label_email\">\n\t\t\t\t\t\t\t\t\t<label for=\"cntctfrm_contact_email\">Messagerie \u00e9lectronique: <span class=\"required\">*<\/span><\/label>\n\t\t\t\t\t\t\t\t<\/div><div class=\"cntctfrm_input cntctfrm_input_email\">\n\t\t\t\t\t\t\t\t\t<input email class=\"text\" type=\"email\" size=\"40\" value=\"\" name=\"cntctfrm_contact_email\" id=\"cntctfrm_contact_email\" \/><\/div><\/div><div class=\"cntctfrm_field_wrap cntctfrm_field_subject_wrap\"subject><div class=\"cntctfrm_label cntctfrm_label_subject\">\n\t\t\t\t\t\t\t\t\t<label for=\"cntctfrm_contact_subject\">Objet: <span class=\"required\">*<\/span><\/label>\n\t\t\t\t\t\t\t\t<\/div><div class=\"cntctfrm_input cntctfrm_input_subject\">\n\t\t\t\t\t\t\t\t<input subject pattern=\"^([\\p{M}\\p{L}]{1,}(\\s\\p{M}*\\p{L}+-*)*){3,}\" title=\"Veuillez saisir uniquement des lettres d'au moins 3 caract\u00e8res, les mots \u00e9tant s\u00e9par\u00e9s par des espaces\" class=\"text\" type=\"text\" size=\"40\" value=\"\" name=\"cntctfrm_contact_subject\" id=\"cntctfrm_contact_subject\" \/><\/div><\/div><div class=\"cntctfrm_field_wrap cntctfrm_field_message_wrap\"message><div class=\"cntctfrm_label cntctfrm_label_message\">\n\t\t\t\t\t\t\t\t<label for=\"cntctfrm_contact_message\">Message: <span class=\"required\">*<\/span><\/label>\n\t\t\t\t\t\t\t<\/div><div class=\"cntctfrm_input cntctfrm_input_message\">\n\t\t\t\t\t\t\t\t<textarea message rows=\"5\" cols=\"30\"name=\"cntctfrm_contact_message\" id=\"cntctfrm_contact_message\"><\/textarea><\/div><\/div><div class=\"cntctfrm_field_wrap cntctfrm_field_captcha_wrap\"><div class=\"cntctfrm_label cntctfrm_label_captcha\">\n\t\t\t\t\t\t\t\t\t\t\t<label><\/label>\n\t\t\t\t\t\t\t\t\t\t<\/div><div class=\"cntctfrm_input cntctfrm_input_captcha\"><span id=\"cptch_time_limit_notice_26\" class=\"cptch_time_limit_notice cptch_to_remove\">Time limit is exhausted. Please reload the CAPTCHA.<\/span><span class=\"cptch_wrap cptch_math_actions\">\n\t\t\t\t<label class=\"cptch_label\" for=\"cptch_input_26\"><span class=\"cptch_span\">9<\/span>\n\t\t\t\t<span class=\"cptch_span\">&nbsp;&minus;&nbsp;<\/span>\n\t\t\t\t<span class=\"cptch_span\">six<\/span>\n\t\t\t\t<span class=\"cptch_span\">&nbsp;=&nbsp;<\/span>\n\t\t\t\t<span class=\"cptch_span\"><input id=\"cptch_input_26\" class=\"cptch_input \" type=\"text\" autocomplete=\"off\" name=\"cptch_number\" value=\"\" maxlength=\"2\" size=\"2\" aria-required=\"true\" required=\"required\" style=\"margin-bottom:0;display:inline;font-size: 12px;width: 40px;\" \/><\/span><input type=\"hidden\" name=\"cptch_form\" value=\"bws_contact\" \/>\n\t\t\t\t<\/label><span class=\"cptch_reload_button_wrap hide-if-no-js\">\n\t\t\t\t\t<noscript>\n\t\t\t\t\t\t<style type=\"text\/css\">\n\t\t\t\t\t\t\t.hide-if-no-js {\n\t\t\t\t\t\t\t\tdisplay: none !important;\n\t\t\t\t\t\t\t}\n\t\t\t\t\t\t<\/style>\n\t\t\t\t\t<\/noscript>\n\t\t\t\t\t<span class=\"cptch_reload_button dashicons dashicons-update\"><\/span>\n\t\t\t\t<\/span><\/span><\/div><\/div><\/div><div class=\"clear\"><\/div><div class=\"cntctfrm_submit_wrap\"><div id=\"cntctfrm_submit_first_column\" class=\"cntctfrm_column\"><div class=\"cntctfrm_input cntctfrm_input_submit\"><input type=\"hidden\" value=\"send\" name=\"cntctfrm_contact_action\">\n\t\t\t\t\t\t\t<input type=\"hidden\" value=\"fr\" name=\"cntctfrm_language\">\n\t\t\t\t\t\t\t<input type=\"hidden\" value=\"1\" name=\"cntctfrm_form_submited\">\n\t\t\t\t\t\t\t<input type=\"hidden\" value=\"cntctfrm_options\" name=\"cntctfrm_options_name\">\n\t\t\t\t\t\t\t<input type=\"submit\" value=\"Envoyer\" class=\"cntctfrm_contact_submit\" \/>\n\t\t\t\t\t\t<\/div><\/div><div id=\"cntctfrm_submit_second_column\" class=\"cntctfrm_column\"><\/div><div class=\"clear\"><\/div>\n\t\t\t<\/div>\n\t\t\t<\/form><\/p>\n","protected":false},"excerpt":{"rendered":"<p>Le service Bitcoin Mixer est maintenant ferm\u00e9 dans la raison pour laquelle CoinJoin et Lightning sont largement accept\u00e9s dans la communaut\u00e9 Bitcoin. Ces services fournissent un m\u00e9lange de bitcoins sans avoir besoin de tiers comme nous l\u2019\u00e9tions auparavant, donc seulement vous qui contr\u00f4lez votre m\u00e9lange de bitcoins. S\u2019il vous pla\u00eet utiliser ces services, ils ont&#8230;<\/p>\n","protected":false},"author":1,"featured_media":0,"parent":0,"menu_order":3,"comment_status":"closed","ping_status":"closed","template":"","meta":[],"_links":{"self":[{"href":"https:\/\/www.onlybestoffers.trade\/fr\/wp-json\/wp\/v2\/pages\/2"}],"collection":[{"href":"https:\/\/www.onlybestoffers.trade\/fr\/wp-json\/wp\/v2\/pages"}],"about":[{"href":"https:\/\/www.onlybestoffers.trade\/fr\/wp-json\/wp\/v2\/types\/page"}],"author":[{"embeddable":true,"href":"https:\/\/www.onlybestoffers.trade\/fr\/wp-json\/wp\/v2\/users\/1"}],"replies":[{"embeddable":true,"href":"https:\/\/www.onlybestoffers.trade\/fr\/wp-json\/wp\/v2\/comments?post=2"}],"version-history":[{"count":21,"href":"https:\/\/www.onlybestoffers.trade\/fr\/wp-json\/wp\/v2\/pages\/2\/revisions"}],"predecessor-version":[{"id":48415,"href":"https:\/\/www.onlybestoffers.trade\/fr\/wp-json\/wp\/v2\/pages\/2\/revisions\/48415"}],"wp:attachment":[{"href":"https:\/\/www.onlybestoffers.trade\/fr\/wp-json\/wp\/v2\/media?parent=2"}],"curies":[{"name":"wp","href":"https:\/\/api.w.org\/{rel}","templated":true}]}}