{"id":46500,"date":"2015-08-13T16:06:17","date_gmt":"2015-08-13T09:06:17","guid":{"rendered":"http:\/\/www.onlybestoffers.trade\/?page_id=46500"},"modified":"2021-08-26T22:30:33","modified_gmt":"2021-08-26T15:30:33","slug":"sell-bitcoins-buy-bitcoins","status":"publish","type":"page","link":"https:\/\/www.onlybestoffers.trade\/fr\/sell-bitcoins-buy-bitcoins\/","title":{"rendered":"Vendre Bitcoins \/ Acheter Bitcoins"},"content":{"rendered":"<p style=\"text-align: justify;\">Nous offrons le service d\u2019\u00e9change qui n\u2019est pas fiable sur Localbitcoins ou d\u2019autres plates-formes. Toutes vos donn\u00e9es ne sont pas partag\u00e9es et ne seront partag\u00e9es avec aucun \u00e9tat ou organisme fiscal comme le font les plateformes actuelles comme le font les plateformes actuelles comme Localbitcoins. Nous ne vous poussons pas non plus \u00e0 travers des inscriptions folles avec le passage d\u2019examen espion Google captcha ou le processus de connexion Facebook espion. Il suffit de postuler anonymement pour une offre dans votre devise et profiter de l\u2019\u00e9change! facile! Tous les bitcoins \u00e9chang\u00e9s seront transf\u00e9r\u00e9s directement sur votre portefeuille ou toute autre adresse Bitcoin que vous \u00e9crivez dans le chat commercial. Nous ne d\u00e9tenons pas vos bitcoins ici et aucun plan de tenir \u00e0 l\u2019avenir.<\/p>\n<p>[cur-announc lang=FR]<\/p>\n","protected":false},"excerpt":{"rendered":"<p>Nous offrons le service d\u2019\u00e9change qui n\u2019est pas fiable sur Localbitcoins ou d\u2019autres plates-formes. Toutes vos donn\u00e9es ne sont pas partag\u00e9es et ne seront partag\u00e9es avec aucun \u00e9tat ou organisme fiscal comme le font les plateformes actuelles comme le font les plateformes actuelles comme Localbitcoins. Nous ne vous poussons pas non plus \u00e0 travers des&#8230;<\/p>\n","protected":false},"author":1,"featured_media":0,"parent":0,"menu_order":1,"comment_status":"closed","ping_status":"closed","template":"","meta":[],"_links":{"self":[{"href":"https:\/\/www.onlybestoffers.trade\/fr\/wp-json\/wp\/v2\/pages\/46500"}],"collection":[{"href":"https:\/\/www.onlybestoffers.trade\/fr\/wp-json\/wp\/v2\/pages"}],"about":[{"href":"https:\/\/www.onlybestoffers.trade\/fr\/wp-json\/wp\/v2\/types\/page"}],"author":[{"embeddable":true,"href":"https:\/\/www.onlybestoffers.trade\/fr\/wp-json\/wp\/v2\/users\/1"}],"replies":[{"embeddable":true,"href":"https:\/\/www.onlybestoffers.trade\/fr\/wp-json\/wp\/v2\/comments?post=46500"}],"version-history":[{"count":10,"href":"https:\/\/www.onlybestoffers.trade\/fr\/wp-json\/wp\/v2\/pages\/46500\/revisions"}],"predecessor-version":[{"id":46683,"href":"https:\/\/www.onlybestoffers.trade\/fr\/wp-json\/wp\/v2\/pages\/46500\/revisions\/46683"}],"wp:attachment":[{"href":"https:\/\/www.onlybestoffers.trade\/fr\/wp-json\/wp\/v2\/media?parent=46500"}],"curies":[{"name":"wp","href":"https:\/\/api.w.org\/{rel}","templated":true}]}}