{"id":56,"date":"2016-11-06T01:34:22","date_gmt":"2016-11-05T18:34:22","guid":{"rendered":"http:\/\/www.onlybestoffers.trade\/?page_id=56"},"modified":"2022-12-22T22:25:44","modified_gmt":"2022-12-22T15:25:44","slug":"geobitcoins-service","status":"publish","type":"page","link":"https:\/\/www.onlybestoffers.trade\/fr\/geobitcoins-service\/","title":{"rendered":"Service Geobitcoins"},"content":{"rendered":"<p style=\"text-align: justify;\"><strong>Nous sommes heureux de pr\u00e9senter un service unique pour nos clients &#8211; Geobitcoins!<\/strong><\/p>\n<p style=\"text-align: justify;\">Avez-vous parfois pens\u00e9 \u00e0 la cachette mais pas \u00e0 fiat one &#8211; bitcoin stash physique? Maintenant, c\u2019est possible! Vous pouvez cr\u00e9er votre cachette n\u2019importe o\u00f9 dans le monde pour n\u2019importe quel montant en bitcoins et \u00eatre en mesure de ramasser seulement conna\u00eetre mot secret ou phrase ou de r\u00e9pondre \u00e0 une question.<\/p>\n<p>&nbsp;<\/p>\n<p style=\"text-align: justify;\"><strong>Il peut avoir de nombreuses applications:<\/strong><\/p>\n<p style=\"text-align: justify;\">Coffres-forts bancaires \u00e9quivalents pour les bitcoins<\/p>\n<p style=\"text-align: justify;\">Aidez vos amis ou parents dans n\u2019importe quel pays ou endroit o\u00f9 ils se trouvent en ce moment en leur donnant simplement l\u2019emplacement et le mot de passe pour le ramassage<\/p>\n<p style=\"text-align: justify;\">La drogue et tout trafic ill\u00e9gal o\u00f9 les paiements et l\u2019obtention de choses doivent \u00eatre s\u00e9par\u00e9s \u00e0 diff\u00e9rents endroits<\/p>\n<p style=\"text-align: justify;\">Jeu de style aventure comme Fort Boyard \u00e9tant \u00e9volutif \u00e0 la Terre plate enti\u00e8re<\/p>\n<p>Et bien d\u2019autres<\/p>\n<p style=\"text-align: justify;\"><strong>Pour ramasser bitcoins seulement t\u00e9l\u00e9phone avec l\u2019application Takara install\u00e9e n\u00e9cessaire. Tout ce dont nous avons besoin de votre part est g\u00e9opoint pour d\u00e9poser vos bitcoins dans ce point.<\/strong><\/p>\n<p style=\"text-align: justify;\">La r\u00e9ception de g\u00e9opoints est facile \u00e0 partir du navigateur Internet:<\/p>\n<p>Tapez https:\/\/maps.google.com l\u00e0<\/p>\n<p style=\"text-align: justify;\">Trouvez l\u2019endroit o\u00f9 vous voulez voir vos bitcoins, zoomez-le, cliquez sur cet endroit et copiez les num\u00e9ros en surbrillance comme sur la capture d\u2019\u00e9cran ci-dessous<\/p>\n<p><img decoding=\"async\" loading=\"lazy\" class=\"alignnone size-medium\" src=\"https:\/\/onlybestoffers.trade\/wp-content\/uploads\/2017\/02\/screenshot1.jpg\" width=\"830\" height=\"554\" \/><\/p>\n<p>&nbsp;<\/p>\n<p>&nbsp;<\/p>\n<p style=\"text-align: justify;\"><strong>Veuillez utiliser les contacts suivants pour envoyer votre g\u00e9opoint avec un mot secret ou une question et une r\u00e9ponse:<\/strong><\/p>\n<p>Mastodon: <a href=\"https:\/\/obo.sh\/@onlybestoffers\">@onlybestoffers@obo.sh<\/a><\/p>\n<p>Telegram: <a href=\"https:\/\/t.me\/onlybestoffers\">onlybestoffers<\/a><\/p>\n<p>Ou utilisez notre formulaire de contact:<br \/>\n<form method=\"post\" id=\"cntctfrm_contact_form\" class=\"cntctfrm_contact_form cntctfrm_one_column cntctfrm_ltr cntctfrm_width_default\" action=\"\/fr\/wp-json\/wp\/v2\/pages\/56#cntctfrm_contact_form\" enctype=\"multipart\/form-data\"><div id=\"cntctfrm_first_column\" class=\"cntctfrm_column\"><div class=\"cntctfrm_field_wrap cntctfrm_field_name_wrap\"namecontact><div class=\"cntctfrm_label cntctfrm_label_name\">\n\t\t\t\t\t\t\t\t\t<label for=\"cntctfrm_contact_name\">nom: <span class=\"required\">*<\/span><\/label><\/div><div class=\"cntctfrm_input cntctfrm_input_name\">\n\t\t\t\t\t\t\t\t\t<input namecontact class=\"text\" type=\"text\" size=\"40\" pattern=\"^([\\p{L}\\p{M}]{2,}(\\s)*(\\p{L}+\\p{M}*-*){1,})|([\\p{L}\\p{M}]{3,})\" title=\"Veuillez saisir uniquement des lettres d'au moins 3 caract\u00e8res, les mots \u00e9tant s\u00e9par\u00e9s par des espaces\" value=\"\" name=\"cntctfrm_contact_name\" id=\"cntctfrm_contact_name\" \/><\/div><\/div><div class=\"cntctfrm_field_wrap cntctfrm_field_email_wrap\"email><div class=\"cntctfrm_label cntctfrm_label_email\">\n\t\t\t\t\t\t\t\t\t<label for=\"cntctfrm_contact_email\">Messagerie \u00e9lectronique: <span class=\"required\">*<\/span><\/label>\n\t\t\t\t\t\t\t\t<\/div><div class=\"cntctfrm_input cntctfrm_input_email\">\n\t\t\t\t\t\t\t\t\t<input email class=\"text\" type=\"email\" size=\"40\" value=\"\" name=\"cntctfrm_contact_email\" id=\"cntctfrm_contact_email\" \/><\/div><\/div><div class=\"cntctfrm_field_wrap cntctfrm_field_subject_wrap\"subject><div class=\"cntctfrm_label cntctfrm_label_subject\">\n\t\t\t\t\t\t\t\t\t<label for=\"cntctfrm_contact_subject\">Objet: <span class=\"required\">*<\/span><\/label>\n\t\t\t\t\t\t\t\t<\/div><div class=\"cntctfrm_input cntctfrm_input_subject\">\n\t\t\t\t\t\t\t\t<input subject pattern=\"^([\\p{M}\\p{L}]{1,}(\\s\\p{M}*\\p{L}+-*)*){3,}\" title=\"Veuillez saisir uniquement des lettres d'au moins 3 caract\u00e8res, les mots \u00e9tant s\u00e9par\u00e9s par des espaces\" class=\"text\" type=\"text\" size=\"40\" value=\"\" name=\"cntctfrm_contact_subject\" id=\"cntctfrm_contact_subject\" \/><\/div><\/div><div class=\"cntctfrm_field_wrap cntctfrm_field_message_wrap\"message><div class=\"cntctfrm_label cntctfrm_label_message\">\n\t\t\t\t\t\t\t\t<label for=\"cntctfrm_contact_message\">Message: <span class=\"required\">*<\/span><\/label>\n\t\t\t\t\t\t\t<\/div><div class=\"cntctfrm_input cntctfrm_input_message\">\n\t\t\t\t\t\t\t\t<textarea message rows=\"5\" cols=\"30\"name=\"cntctfrm_contact_message\" id=\"cntctfrm_contact_message\"><\/textarea><\/div><\/div><div class=\"cntctfrm_field_wrap cntctfrm_field_captcha_wrap\"><div class=\"cntctfrm_label cntctfrm_label_captcha\">\n\t\t\t\t\t\t\t\t\t\t\t<label><\/label>\n\t\t\t\t\t\t\t\t\t\t<\/div><div class=\"cntctfrm_input cntctfrm_input_captcha\"><span id=\"cptch_time_limit_notice_85\" class=\"cptch_time_limit_notice cptch_to_remove\">Time limit is exhausted. Please reload the CAPTCHA.<\/span><span class=\"cptch_wrap cptch_math_actions\">\n\t\t\t\t<label class=\"cptch_label\" for=\"cptch_input_85\"><span class=\"cptch_span\">8<\/span>\n\t\t\t\t<span class=\"cptch_span\">&nbsp;&minus;&nbsp;<\/span>\n\t\t\t\t<span class=\"cptch_span\"><input id=\"cptch_input_85\" class=\"cptch_input \" type=\"text\" autocomplete=\"off\" name=\"cptch_number\" value=\"\" maxlength=\"2\" size=\"2\" aria-required=\"true\" required=\"required\" style=\"margin-bottom:0;display:inline;font-size: 12px;width: 40px;\" \/><\/span>\n\t\t\t\t<span class=\"cptch_span\">&nbsp;=&nbsp;<\/span>\n\t\t\t\t<span class=\"cptch_span\">cinq<\/span><input type=\"hidden\" name=\"cptch_form\" value=\"bws_contact\" \/>\n\t\t\t\t<\/label><span class=\"cptch_reload_button_wrap hide-if-no-js\">\n\t\t\t\t\t<noscript>\n\t\t\t\t\t\t<style type=\"text\/css\">\n\t\t\t\t\t\t\t.hide-if-no-js {\n\t\t\t\t\t\t\t\tdisplay: none !important;\n\t\t\t\t\t\t\t}\n\t\t\t\t\t\t<\/style>\n\t\t\t\t\t<\/noscript>\n\t\t\t\t\t<span class=\"cptch_reload_button dashicons dashicons-update\"><\/span>\n\t\t\t\t<\/span><\/span><\/div><\/div><\/div><div class=\"clear\"><\/div><div class=\"cntctfrm_submit_wrap\"><div id=\"cntctfrm_submit_first_column\" class=\"cntctfrm_column\"><div class=\"cntctfrm_input cntctfrm_input_submit\"><input type=\"hidden\" value=\"send\" name=\"cntctfrm_contact_action\">\n\t\t\t\t\t\t\t<input type=\"hidden\" value=\"fr\" name=\"cntctfrm_language\">\n\t\t\t\t\t\t\t<input type=\"hidden\" value=\"1\" name=\"cntctfrm_form_submited\">\n\t\t\t\t\t\t\t<input type=\"hidden\" value=\"cntctfrm_options\" name=\"cntctfrm_options_name\">\n\t\t\t\t\t\t\t<input type=\"submit\" value=\"Envoyer\" class=\"cntctfrm_contact_submit\" \/>\n\t\t\t\t\t\t<\/div><\/div><div id=\"cntctfrm_submit_second_column\" class=\"cntctfrm_column\"><\/div><div class=\"clear\"><\/div>\n\t\t\t<\/div>\n\t\t\t<\/form><\/p>\n","protected":false},"excerpt":{"rendered":"<p>Nous sommes heureux de pr\u00e9senter un service unique pour nos clients &#8211; Geobitcoins! Avez-vous parfois pens\u00e9 \u00e0 la cachette mais pas \u00e0 fiat one &#8211; bitcoin stash physique? Maintenant, c\u2019est possible! Vous pouvez cr\u00e9er votre cachette n\u2019importe o\u00f9 dans le monde pour n\u2019importe quel montant en bitcoins et \u00eatre en mesure de ramasser seulement conna\u00eetre&#8230;<\/p>\n","protected":false},"author":1,"featured_media":0,"parent":0,"menu_order":4,"comment_status":"closed","ping_status":"closed","template":"","meta":[],"_links":{"self":[{"href":"https:\/\/www.onlybestoffers.trade\/fr\/wp-json\/wp\/v2\/pages\/56"}],"collection":[{"href":"https:\/\/www.onlybestoffers.trade\/fr\/wp-json\/wp\/v2\/pages"}],"about":[{"href":"https:\/\/www.onlybestoffers.trade\/fr\/wp-json\/wp\/v2\/types\/page"}],"author":[{"embeddable":true,"href":"https:\/\/www.onlybestoffers.trade\/fr\/wp-json\/wp\/v2\/users\/1"}],"replies":[{"embeddable":true,"href":"https:\/\/www.onlybestoffers.trade\/fr\/wp-json\/wp\/v2\/comments?post=56"}],"version-history":[{"count":21,"href":"https:\/\/www.onlybestoffers.trade\/fr\/wp-json\/wp\/v2\/pages\/56\/revisions"}],"predecessor-version":[{"id":48416,"href":"https:\/\/www.onlybestoffers.trade\/fr\/wp-json\/wp\/v2\/pages\/56\/revisions\/48416"}],"wp:attachment":[{"href":"https:\/\/www.onlybestoffers.trade\/fr\/wp-json\/wp\/v2\/media?parent=56"}],"curies":[{"name":"wp","href":"https:\/\/api.w.org\/{rel}","templated":true}]}}